{"id":102,"date":"2013-12-03T14:38:19","date_gmt":"2013-12-03T10:38:19","guid":{"rendered":"https:\/\/portail.abouvet.ac-reunion.fr\/wordpress\/?page_id=102"},"modified":"2014-03-26T14:41:49","modified_gmt":"2014-03-26T10:41:49","slug":"cvl","status":"publish","type":"page","link":"https:\/\/portail.abouvet.ac-reunion.fr\/wordpress\/cvl\/","title":{"rendered":"CVL"},"content":{"rendered":"<p>Le conseil de la vie lyc\u00e9enne (CVL) rassemble dix \u00e9lus lyc\u00e9ens et des repr\u00e9sentants des personnels et des parents d\u2019\u00e9l\u00e8ves. Ensemble, ils peuvent formuler des propositions sur tous les sujets de la vie quotidienne. C\u2019est le chef d\u2019\u00e9tablissement qui pr\u00e9side cette instance.<\/p>\n<p>Le conseil de la vie lyc\u00e9enne (CVL) rassemble dix \u00e9lus lyc\u00e9ens et des repr\u00e9sentants des personnels et des parents d\u2019\u00e9l\u00e8ves. Ensemble, ils peuvent formuler des propositions sur tous les sujets de la vie quotidienne. C\u2019est le chef d\u2019\u00e9tablissement qui pr\u00e9side cette instance.<\/p>\n<p>Am\u00e9liorer les conditions de vie au lyc\u00e9e<\/p>\n<p>Orientation, r\u00e8glement int\u00e9rieur, soutien scolaire, sant\u00e9, activit\u00e9s sportives, fonds lyc\u00e9ens&#8230;\u00a0: le CVL est le lieu o\u00f9 sont d\u00e9battues toutes les questions concr\u00e8tes qui traversent la vie de l\u2019\u00e9tablissement. Objectif\u00a0: mieux prendre en consid\u00e9ration les attentes des lyc\u00e9ens et am\u00e9liorer les conditions de vie au lyc\u00e9e.<\/p>\n<p>Dialoguer, \u00e9changer, d\u00e9battre<\/p>\n<p>Le CVL est un lieu privil\u00e9gi\u00e9 d\u2019\u00e9coute et d\u2019\u00e9changes avec les adultes de la communaut\u00e9 \u00e9ducative. Les \u00e9lus peuvent y faire conna\u00eetre leurs id\u00e9es librement\u00a0: ils transmettent les attentes et pr\u00e9occupations de l\u2019ensemble des lyc\u00e9ens.<\/p>\n<p>Participer aux d\u00e9cisions<\/p>\n<p>Le CVL est aussi force de proposition. Les repr\u00e9sentants lyc\u00e9ens peuvent \u00e9mettre des avis, proposer des am\u00e9nagements et sugg\u00e9rer des solutions. Les comptes-rendus du CVL sont transmis au conseil d\u2019administration de l\u2019\u00e9tablissement. Par l\u2019interm\u00e9diaire des \u00e9lus, les lyc\u00e9ens sont associ\u00e9s au processus de d\u00e9cision de l\u2019\u00e9tablissement.<\/p>\n<div style=\"margin: 20px 0;\"><div class=\"qrcswholewtapper\" style=\"text-align:left;\"><div class=\"qrcprowrapper\"  id=\"qrcwraa2leds\"><div class=\"qrc_canvass\" id=\"qrc_cuttenpages_2\" style=\"display:inline-block\" data-text=\"https:\/\/portail.abouvet.ac-reunion.fr\/wordpress\/cvl\/\"><\/div><div><a download=\"CVL.png\" class=\"qrcdownloads\" id=\"worign\">\r\n           <button type=\"button\" style=\"min-width:200px;background:#dddddd;color:#000;font-weight: 600;border: 1px solid #dddddd;border-radius:4px;font-size:12px;padding: 6px 0;\" class=\"uqr_code_btn\">Download QR<\/button>\r\n           <\/a><\/div><\/div><\/div><\/div>","protected":false},"excerpt":{"rendered":"<p>Le conseil de la vie lyc\u00e9enne (CVL) rassemble dix \u00e9lus lyc\u00e9ens et des repr\u00e9sentants des personnels et des parents d\u2019\u00e9l\u00e8ves. Ensemble, ils peuvent formuler des propositions sur tous les sujets de la vie quotidienne. C\u2019est le chef d\u2019\u00e9tablissement qui pr\u00e9side cette instance. Le conseil de la vie lyc\u00e9enne (CVL) rassemble dix \u00e9lus lyc\u00e9ens et des &hellip; <a href=\"https:\/\/portail.abouvet.ac-reunion.fr\/wordpress\/cvl\/\" class=\"more-link\">Continuer la lecture de <span class=\"screen-reader-text\">CVL<\/span>  <span class=\"meta-nav\">&rarr;<\/span><\/a><\/p>\n","protected":false},"author":1,"featured_media":0,"parent":0,"menu_order":0,"comment_status":"closed","ping_status":"open","template":"","meta":{"ngg_post_thumbnail":0,"_links_to":"","_links_to_target":""},"_links":{"self":[{"href":"https:\/\/portail.abouvet.ac-reunion.fr\/wordpress\/wp-json\/wp\/v2\/pages\/102"}],"collection":[{"href":"https:\/\/portail.abouvet.ac-reunion.fr\/wordpress\/wp-json\/wp\/v2\/pages"}],"about":[{"href":"https:\/\/portail.abouvet.ac-reunion.fr\/wordpress\/wp-json\/wp\/v2\/types\/page"}],"author":[{"embeddable":true,"href":"https:\/\/portail.abouvet.ac-reunion.fr\/wordpress\/wp-json\/wp\/v2\/users\/1"}],"replies":[{"embeddable":true,"href":"https:\/\/portail.abouvet.ac-reunion.fr\/wordpress\/wp-json\/wp\/v2\/comments?post=102"}],"version-history":[{"count":3,"href":"https:\/\/portail.abouvet.ac-reunion.fr\/wordpress\/wp-json\/wp\/v2\/pages\/102\/revisions"}],"predecessor-version":[{"id":211,"href":"https:\/\/portail.abouvet.ac-reunion.fr\/wordpress\/wp-json\/wp\/v2\/pages\/102\/revisions\/211"}],"wp:attachment":[{"href":"https:\/\/portail.abouvet.ac-reunion.fr\/wordpress\/wp-json\/wp\/v2\/media?parent=102"}],"curies":[{"name":"wp","href":"https:\/\/api.w.org\/{rel}","templated":true}]}}