{"id":108,"date":"2013-12-03T14:46:05","date_gmt":"2013-12-03T10:46:05","guid":{"rendered":"https:\/\/portail.abouvet.ac-reunion.fr\/wordpress\/?page_id=108"},"modified":"2014-03-26T14:41:49","modified_gmt":"2014-03-26T10:41:49","slug":"linfirmerie","status":"publish","type":"page","link":"https:\/\/portail.abouvet.ac-reunion.fr\/wordpress\/linfirmerie\/","title":{"rendered":"Infirmerie"},"content":{"rendered":"<div align=\"justify\">\n<p>L&rsquo;Infirmerie est situ\u00e9e au <strong>rez-de-chauss\u00e9e du B\u00e2timent I.<\/strong><\/p>\n<p>Vous pouvez contacter l&rsquo;infirmerie au 02 62 50 82 50 (Mme EMMA)<\/p>\n<\/div>\n<div align=\"justify\">\n<p><strong>A noter :<\/strong><\/p>\n<\/div>\n<div align=\"justify\">\n<ul>\n<li>L&rsquo;infirmerie ouverte en continu toute la journ\u00e9e \u00e0 partir de 7 h 30.<\/li>\n<li>Pr\u00e9sence d\u2019une Assistante Sociale les .<\/li>\n<li>Pr\u00e9sence du m\u00e9decin scolaire une fois par semaine\u00a0: s\u2019adresser aux infirmi\u00e8res pour les rendez-vous.<\/li>\n<\/ul>\n<\/div>\n<h3>Les locaux :<\/h3>\n<div align=\"justify\">\n<p><strong>On y trouvera : <\/strong><\/p>\n<\/div>\n<div align=\"justify\">\n<ul>\n<li>Une salle d&rsquo;attente<\/li>\n<li>Une salle de soins<\/li>\n<li>Deux chambres de repos<\/li>\n<li>Des sanitaires<\/li>\n<\/ul>\n<p>&nbsp;<\/p>\n<\/div>\n<h3>Les missions des Infirmi\u00e8res scolaires :<\/h3>\n<ul>\n<li><strong>Une mission relationnelle :<\/strong>\n<ul>\n<li>accueil, \u00e9coute et conseil<\/li>\n<li>suivi des \u00e9l\u00e8ves<\/li>\n<li>relais avec diff\u00e9rents collaborateurs (m\u00e9decin, assistante sociale, psychologue,\u2026)<\/li>\n<li>partenariat avec le personnel de l\u2019\u00e9tablissement<\/li>\n<li>m\u00e9diation en cas de probl\u00e8me<\/li>\n<\/ul>\n<\/li>\n<li><strong>Une mission sanitaire :<\/strong>\n<ul>\n<li>urgences<\/li>\n<li>soins<\/li>\n<li>gestion des m\u00e9dicaments<\/li>\n<\/ul>\n<\/li>\n<li><strong>Une mission \u00e9ducative :<\/strong>\n<ul>\n<li>\u00e9ducation \u00e0 la sant\u00e9, avec le Projet de l&rsquo;ann\u00e9e 2006\/2007 sur le lyc\u00e9e sans tabac<\/li>\n<li>enseignement du secourisme avec d\u00e9livrance de l\u2019A.F.P.S.<\/li>\n<\/ul>\n<\/li>\n<li><strong>Une mission administrative :<br \/>\n<\/strong>Un \u00e9l\u00e8ve pr\u00e9sentant un probl\u00e8me de sant\u00e9 ne peut d\u00e9cider seul ou avec ses parents de rentrer chez lui sans en r\u00e9f\u00e9rer \u00e0 l\u2019infirmi\u00e8re scolaire ou \u00e0 la conseill\u00e8re principale d\u2019\u00e9ducation<\/li>\n<\/ul>\n<div style=\"margin: 20px 0;\"><div class=\"qrcswholewtapper\" style=\"text-align:left;\"><div class=\"qrcprowrapper\"  id=\"qrcwraa2leds\"><div class=\"qrc_canvass\" id=\"qrc_cuttenpages_2\" style=\"display:inline-block\" data-text=\"https:\/\/portail.abouvet.ac-reunion.fr\/wordpress\/linfirmerie\/\"><\/div><div><a download=\"Infirmerie.png\" class=\"qrcdownloads\" id=\"worign\">\r\n           <button type=\"button\" style=\"min-width:200px;background:#dddddd;color:#000;font-weight: 600;border: 1px solid #dddddd;border-radius:4px;font-size:12px;padding: 6px 0;\" class=\"uqr_code_btn\">Download QR<\/button>\r\n           <\/a><\/div><\/div><\/div><\/div>","protected":false},"excerpt":{"rendered":"<p>L&rsquo;Infirmerie est situ\u00e9e au rez-de-chauss\u00e9e du B\u00e2timent I. Vous pouvez contacter l&rsquo;infirmerie au 02 62 50 82 50 (Mme EMMA) A noter : L&rsquo;infirmerie ouverte en continu toute la journ\u00e9e \u00e0 partir de 7 h 30. Pr\u00e9sence d\u2019une Assistante Sociale les . Pr\u00e9sence du m\u00e9decin scolaire une fois par semaine\u00a0: s\u2019adresser aux infirmi\u00e8res pour les &hellip; <a href=\"https:\/\/portail.abouvet.ac-reunion.fr\/wordpress\/linfirmerie\/\" class=\"more-link\">Continuer la lecture de <span class=\"screen-reader-text\">Infirmerie<\/span>  <span class=\"meta-nav\">&rarr;<\/span><\/a><\/p>\n","protected":false},"author":1,"featured_media":0,"parent":0,"menu_order":0,"comment_status":"closed","ping_status":"open","template":"","meta":{"ngg_post_thumbnail":0,"_links_to":"","_links_to_target":""},"_links":{"self":[{"href":"https:\/\/portail.abouvet.ac-reunion.fr\/wordpress\/wp-json\/wp\/v2\/pages\/108"}],"collection":[{"href":"https:\/\/portail.abouvet.ac-reunion.fr\/wordpress\/wp-json\/wp\/v2\/pages"}],"about":[{"href":"https:\/\/portail.abouvet.ac-reunion.fr\/wordpress\/wp-json\/wp\/v2\/types\/page"}],"author":[{"embeddable":true,"href":"https:\/\/portail.abouvet.ac-reunion.fr\/wordpress\/wp-json\/wp\/v2\/users\/1"}],"replies":[{"embeddable":true,"href":"https:\/\/portail.abouvet.ac-reunion.fr\/wordpress\/wp-json\/wp\/v2\/comments?post=108"}],"version-history":[{"count":4,"href":"https:\/\/portail.abouvet.ac-reunion.fr\/wordpress\/wp-json\/wp\/v2\/pages\/108\/revisions"}],"predecessor-version":[{"id":215,"href":"https:\/\/portail.abouvet.ac-reunion.fr\/wordpress\/wp-json\/wp\/v2\/pages\/108\/revisions\/215"}],"wp:attachment":[{"href":"https:\/\/portail.abouvet.ac-reunion.fr\/wordpress\/wp-json\/wp\/v2\/media?parent=108"}],"curies":[{"name":"wp","href":"https:\/\/api.w.org\/{rel}","templated":true}]}}