{"id":37,"date":"2013-09-06T13:21:47","date_gmt":"2013-09-06T11:21:47","guid":{"rendered":"https:\/\/portail.abouvet.ac-reunion.fr\/wordpress\/?page_id=37"},"modified":"2015-04-01T12:11:12","modified_gmt":"2015-04-01T10:11:12","slug":"accueil","status":"publish","type":"page","link":"https:\/\/portail.abouvet.ac-reunion.fr\/wordpress\/accueil\/","title":{"rendered":"Accueil"},"content":{"rendered":"<p style=\"text-align: center\"><strong>[su_highlight] Bienvenue sur le Site P\u00e9dagogique du Lyc\u00e9e Amiral BOUVET. [\/su_highlight]<\/strong><\/p>\n<p style=\"text-align: center\"><img decoding=\"async\" loading=\"lazy\" class=\" wp-image-221 aligncenter\" style=\"vertical-align: middle\" src=\"https:\/\/portail.abouvet.ac-reunion.fr\/wordpress\/wp-content\/uploads\/2013\/09\/LYCEE-BOUVETplan1.jpg\" alt=\"LYCEE-BOUVETplan1\" width=\"391\" height=\"328\" srcset=\"https:\/\/portail.abouvet.ac-reunion.fr\/wordpress\/wp-content\/uploads\/2013\/09\/LYCEE-BOUVETplan1.jpg 596w, https:\/\/portail.abouvet.ac-reunion.fr\/wordpress\/wp-content\/uploads\/2013\/09\/LYCEE-BOUVETplan1-359x300.jpg 359w\" sizes=\"(max-width: 391px) 100vw, 391px\" \/><\/p>\n<p style=\"text-align: center\"><strong>[su_label type=\u00a0\u00bbsuccess\u00a0\u00bb]Vous trouverez sur ce site des informations, documentations, aides et tout autre \u00e9l\u00e9ment intervenant au sein de l&rsquo;\u00e9tablissement. <\/strong><\/p>\n<p><strong>Croire en soi et r\u00e9ussir au lyc\u00e9e Amiral BOUVET[\/su_label]<\/strong><\/p>\n<div style=\"margin: 20px 0;\"><div class=\"qrcswholewtapper\" style=\"text-align:left;\"><div class=\"qrcprowrapper\"  id=\"qrcwraa2leds\"><div class=\"qrc_canvass\" id=\"qrc_cuttenpages_2\" style=\"display:inline-block\" data-text=\"https:\/\/portail.abouvet.ac-reunion.fr\/wordpress\/accueil\/\"><\/div><div><a download=\"Accueil.png\" class=\"qrcdownloads\" id=\"worign\">\r\n           <button type=\"button\" style=\"min-width:200px;background:#dddddd;color:#000;font-weight: 600;border: 1px solid #dddddd;border-radius:4px;font-size:12px;padding: 6px 0;\" class=\"uqr_code_btn\">Download QR<\/button>\r\n           <\/a><\/div><\/div><\/div><\/div>","protected":false},"excerpt":{"rendered":"<p>[su_highlight] Bienvenue sur le Site P\u00e9dagogique du Lyc\u00e9e Amiral BOUVET. [\/su_highlight] [su_label type=\u00a0\u00bbsuccess\u00a0\u00bb]Vous trouverez sur ce site des informations, documentations, aides et tout autre \u00e9l\u00e9ment intervenant au sein de l&rsquo;\u00e9tablissement. Croire en soi et r\u00e9ussir au lyc\u00e9e Amiral BOUVET[\/su_label] Download QR<\/p>\n","protected":false},"author":109,"featured_media":0,"parent":0,"menu_order":1,"comment_status":"closed","ping_status":"open","template":"showcase.php","meta":{"ngg_post_thumbnail":0,"_links_to":"","_links_to_target":""},"_links":{"self":[{"href":"https:\/\/portail.abouvet.ac-reunion.fr\/wordpress\/wp-json\/wp\/v2\/pages\/37"}],"collection":[{"href":"https:\/\/portail.abouvet.ac-reunion.fr\/wordpress\/wp-json\/wp\/v2\/pages"}],"about":[{"href":"https:\/\/portail.abouvet.ac-reunion.fr\/wordpress\/wp-json\/wp\/v2\/types\/page"}],"author":[{"embeddable":true,"href":"https:\/\/portail.abouvet.ac-reunion.fr\/wordpress\/wp-json\/wp\/v2\/users\/109"}],"replies":[{"embeddable":true,"href":"https:\/\/portail.abouvet.ac-reunion.fr\/wordpress\/wp-json\/wp\/v2\/comments?post=37"}],"version-history":[{"count":28,"href":"https:\/\/portail.abouvet.ac-reunion.fr\/wordpress\/wp-json\/wp\/v2\/pages\/37\/revisions"}],"predecessor-version":[{"id":403,"href":"https:\/\/portail.abouvet.ac-reunion.fr\/wordpress\/wp-json\/wp\/v2\/pages\/37\/revisions\/403"}],"wp:attachment":[{"href":"https:\/\/portail.abouvet.ac-reunion.fr\/wordpress\/wp-json\/wp\/v2\/media?parent=37"}],"curies":[{"name":"wp","href":"https:\/\/api.w.org\/{rel}","templated":true}]}}