{"id":48,"date":"2013-10-03T09:25:12","date_gmt":"2013-10-03T05:25:12","guid":{"rendered":"https:\/\/portail.abouvet.ac-reunion.fr\/wordpress\/?page_id=48"},"modified":"2016-11-16T15:26:19","modified_gmt":"2016-11-16T14:26:19","slug":"anglais","status":"publish","type":"page","link":"https:\/\/portail.abouvet.ac-reunion.fr\/wordpress\/anglais\/","title":{"rendered":"Anglais"},"content":{"rendered":"<p><a href=\"https:\/\/portail.abouvet.ac-reunion.fr\/wordpress\/wp-content\/uploads\/2013\/10\/DSCF00301.jpg\"><img decoding=\"async\" loading=\"lazy\" class=\"alignnone size-medium wp-image-60\" src=\"https:\/\/portail.abouvet.ac-reunion.fr\/wordpress\/wp-content\/uploads\/2013\/10\/DSCF00301-300x201.jpg\" alt=\"\" width=\"300\" height=\"201\" srcset=\"https:\/\/portail.abouvet.ac-reunion.fr\/wordpress\/wp-content\/uploads\/2013\/10\/DSCF00301-300x201.jpg 300w, https:\/\/portail.abouvet.ac-reunion.fr\/wordpress\/wp-content\/uploads\/2013\/10\/DSCF00301-1024x688.jpg 1024w, https:\/\/portail.abouvet.ac-reunion.fr\/wordpress\/wp-content\/uploads\/2013\/10\/DSCF00301-222x150.jpg 222w, https:\/\/portail.abouvet.ac-reunion.fr\/wordpress\/wp-content\/uploads\/2013\/10\/DSCF00301-150x100.jpg 150w\" sizes=\"(max-width: 300px) 100vw, 300px\" \/><\/a><a href=\"https:\/\/portail.abouvet.ac-reunion.fr\/wordpress\/wp-content\/uploads\/2013\/10\/DSCF01562.jpg\"><img decoding=\"async\" loading=\"lazy\" class=\"alignnone size-medium wp-image-61\" src=\"https:\/\/portail.abouvet.ac-reunion.fr\/wordpress\/wp-content\/uploads\/2013\/10\/DSCF01562-300x164.jpg\" alt=\"\" width=\"300\" height=\"164\" srcset=\"https:\/\/portail.abouvet.ac-reunion.fr\/wordpress\/wp-content\/uploads\/2013\/10\/DSCF01562-300x164.jpg 300w, https:\/\/portail.abouvet.ac-reunion.fr\/wordpress\/wp-content\/uploads\/2013\/10\/DSCF01562-1024x561.jpg 1024w, https:\/\/portail.abouvet.ac-reunion.fr\/wordpress\/wp-content\/uploads\/2013\/10\/DSCF01562-250x137.jpg 250w, https:\/\/portail.abouvet.ac-reunion.fr\/wordpress\/wp-content\/uploads\/2013\/10\/DSCF01562-150x82.jpg 150w\" sizes=\"(max-width: 300px) 100vw, 300px\" \/><\/a><a href=\"https:\/\/portail.abouvet.ac-reunion.fr\/wordpress\/wp-content\/uploads\/2013\/10\/DSCF00541.jpg\"><img decoding=\"async\" loading=\"lazy\" class=\"alignnone size-medium wp-image-65\" src=\"https:\/\/portail.abouvet.ac-reunion.fr\/wordpress\/wp-content\/uploads\/2013\/10\/DSCF00541-300x211.jpg\" alt=\"\" width=\"300\" height=\"211\" srcset=\"https:\/\/portail.abouvet.ac-reunion.fr\/wordpress\/wp-content\/uploads\/2013\/10\/DSCF00541-300x211.jpg 300w, https:\/\/portail.abouvet.ac-reunion.fr\/wordpress\/wp-content\/uploads\/2013\/10\/DSCF00541-1024x722.jpg 1024w, https:\/\/portail.abouvet.ac-reunion.fr\/wordpress\/wp-content\/uploads\/2013\/10\/DSCF00541-212x150.jpg 212w, https:\/\/portail.abouvet.ac-reunion.fr\/wordpress\/wp-content\/uploads\/2013\/10\/DSCF00541-150x105.jpg 150w\" sizes=\"(max-width: 300px) 100vw, 300px\" \/><\/a><a href=\"https:\/\/portail.abouvet.ac-reunion.fr\/wordpress\/wp-content\/uploads\/2013\/10\/DSCF01591.jpg\"><img decoding=\"async\" loading=\"lazy\" class=\"alignnone size-medium wp-image-67\" src=\"https:\/\/portail.abouvet.ac-reunion.fr\/wordpress\/wp-content\/uploads\/2013\/10\/DSCF01591-300x85.jpg\" alt=\"\" width=\"300\" height=\"85\" srcset=\"https:\/\/portail.abouvet.ac-reunion.fr\/wordpress\/wp-content\/uploads\/2013\/10\/DSCF01591-300x85.jpg 300w, https:\/\/portail.abouvet.ac-reunion.fr\/wordpress\/wp-content\/uploads\/2013\/10\/DSCF01591-1024x293.jpg 1024w, https:\/\/portail.abouvet.ac-reunion.fr\/wordpress\/wp-content\/uploads\/2013\/10\/DSCF01591-250x71.jpg 250w, https:\/\/portail.abouvet.ac-reunion.fr\/wordpress\/wp-content\/uploads\/2013\/10\/DSCF01591-150x42.jpg 150w\" sizes=\"(max-width: 300px) 100vw, 300px\" \/><\/a><a href=\"https:\/\/portail.abouvet.ac-reunion.fr\/wordpress\/wp-content\/uploads\/2013\/10\/DSCF02071.jpg\"><img decoding=\"async\" loading=\"lazy\" class=\"alignnone size-medium wp-image-68\" src=\"https:\/\/portail.abouvet.ac-reunion.fr\/wordpress\/wp-content\/uploads\/2013\/10\/DSCF02071-300x225.jpg\" alt=\"\" width=\"300\" height=\"225\" srcset=\"https:\/\/portail.abouvet.ac-reunion.fr\/wordpress\/wp-content\/uploads\/2013\/10\/DSCF02071-300x225.jpg 300w, https:\/\/portail.abouvet.ac-reunion.fr\/wordpress\/wp-content\/uploads\/2013\/10\/DSCF02071-1024x768.jpg 1024w, https:\/\/portail.abouvet.ac-reunion.fr\/wordpress\/wp-content\/uploads\/2013\/10\/DSCF02071-200x150.jpg 200w, https:\/\/portail.abouvet.ac-reunion.fr\/wordpress\/wp-content\/uploads\/2013\/10\/DSCF02071-150x112.jpg 150w\" sizes=\"(max-width: 300px) 100vw, 300px\" \/><\/a><\/p>\n<p>Le 24 septembre dernier nous avons eu l\u2019honneur d\u2019accueillir l\u2019orchestre Sud-Africain Pearson High School Band, en tourn\u00e9e dans notre \u00eele gr\u00e2ce \u00e0 un \u00e9change culturel avec les orchestres Polyphonia et Concertina de Saint-Andr\u00e9. En d\u00e9but de matin\u00e9e, les 42 adolescents de Port Elizabeth ont rencontr\u00e9 leurs \u00ab\u00a0buddies\u00a0\u00bb, des \u00e9l\u00e8ves de Seconde 1, 2, 6 et 7 avec qui ils avaient correspondu par mail pr\u00e9c\u00e9demment. Apr\u00e8s avoir pass\u00e9 plus d\u2019une heure trente ensemble, \u00e9chang\u00e9 des petits cadeaux et partag\u00e9 quelques sp\u00e9cialit\u00e9s gentiment apport\u00e9es par les familles de nos \u00e9l\u00e8ves, l\u2019orchestre a jou\u00e9 un r\u00e9pertoire vari\u00e9 devant un public conquis\u00a0!<\/p>\n<p>La rencontre avec ces jeunes Sud-Africains qui vivent une exp\u00e9rience extraordinaire de voyage gr\u00e2ce \u00e0 leur passion pour la musique s\u2019est av\u00e9r\u00e9e tr\u00e8s fructueuse et a permis de consolider des liens avec nos \u00e9l\u00e8ves. Nombreux sont ceux qui vont poursuivre leurs \u00e9changes via internet et les r\u00e9seaux sociaux.<\/p>\n<div style=\"margin: 20px 0;\"><div class=\"qrcswholewtapper\" style=\"text-align:left;\"><div class=\"qrcprowrapper\"  id=\"qrcwraa2leds\"><div class=\"qrc_canvass\" id=\"qrc_cuttenpages_2\" style=\"display:inline-block\" data-text=\"https:\/\/portail.abouvet.ac-reunion.fr\/wordpress\/anglais\/\"><\/div><div><a download=\"Anglais.png\" class=\"qrcdownloads\" id=\"worign\">\r\n           <button type=\"button\" style=\"min-width:200px;background:#dddddd;color:#000;font-weight: 600;border: 1px solid #dddddd;border-radius:4px;font-size:12px;padding: 6px 0;\" class=\"uqr_code_btn\">Download QR<\/button>\r\n           <\/a><\/div><\/div><\/div><\/div>","protected":false},"excerpt":{"rendered":"<p>Le 24 septembre dernier nous avons eu l\u2019honneur d\u2019accueillir l\u2019orchestre Sud-Africain Pearson High School Band, en tourn\u00e9e dans notre \u00eele gr\u00e2ce \u00e0 un \u00e9change culturel avec les orchestres Polyphonia et Concertina de Saint-Andr\u00e9. En d\u00e9but de matin\u00e9e, les 42 adolescents de Port Elizabeth ont rencontr\u00e9 leurs \u00ab\u00a0buddies\u00a0\u00bb, des \u00e9l\u00e8ves de Seconde 1, 2, 6 et &hellip; <a href=\"https:\/\/portail.abouvet.ac-reunion.fr\/wordpress\/anglais\/\" class=\"more-link\">Continuer la lecture de <span class=\"screen-reader-text\">Anglais<\/span>  <span class=\"meta-nav\">&rarr;<\/span><\/a><\/p>\n","protected":false},"author":2483,"featured_media":0,"parent":0,"menu_order":0,"comment_status":"closed","ping_status":"open","template":"","meta":{"ngg_post_thumbnail":0,"_links_to":"","_links_to_target":""},"_links":{"self":[{"href":"https:\/\/portail.abouvet.ac-reunion.fr\/wordpress\/wp-json\/wp\/v2\/pages\/48"}],"collection":[{"href":"https:\/\/portail.abouvet.ac-reunion.fr\/wordpress\/wp-json\/wp\/v2\/pages"}],"about":[{"href":"https:\/\/portail.abouvet.ac-reunion.fr\/wordpress\/wp-json\/wp\/v2\/types\/page"}],"author":[{"embeddable":true,"href":"https:\/\/portail.abouvet.ac-reunion.fr\/wordpress\/wp-json\/wp\/v2\/users\/2483"}],"replies":[{"embeddable":true,"href":"https:\/\/portail.abouvet.ac-reunion.fr\/wordpress\/wp-json\/wp\/v2\/comments?post=48"}],"version-history":[{"count":7,"href":"https:\/\/portail.abouvet.ac-reunion.fr\/wordpress\/wp-json\/wp\/v2\/pages\/48\/revisions"}],"predecessor-version":[{"id":208,"href":"https:\/\/portail.abouvet.ac-reunion.fr\/wordpress\/wp-json\/wp\/v2\/pages\/48\/revisions\/208"}],"wp:attachment":[{"href":"https:\/\/portail.abouvet.ac-reunion.fr\/wordpress\/wp-json\/wp\/v2\/media?parent=48"}],"curies":[{"name":"wp","href":"https:\/\/api.w.org\/{rel}","templated":true}]}}