{"id":96,"date":"2013-12-03T14:27:14","date_gmt":"2013-12-03T10:27:14","guid":{"rendered":"https:\/\/portail.abouvet.ac-reunion.fr\/wordpress\/?page_id=96"},"modified":"2017-08-22T13:28:06","modified_gmt":"2017-08-22T11:28:06","slug":"cdi","status":"publish","type":"page","link":"https:\/\/portail.abouvet.ac-reunion.fr\/wordpress\/cdi\/","title":{"rendered":"CDI"},"content":{"rendered":"<p><strong>Le Centre de Documentation et d\u2019Informations<\/strong> est un espace d\u2019accueil largement accessible, ouvert en continu pendant xx heures par semaine, cinq jours sur sept.<\/p>\n<p>&nbsp;<\/p>\n<p>&nbsp;<\/p>\n<p>&nbsp;<\/p>\n<p><strong>Petit digest du C.D.I.: \u201cle C.D.I. mode d\u2019emploi\u201d<\/strong><\/p>\n<p><strong>Pour quoi faire ?<br \/>\n<\/strong><\/p>\n<p>Travailler, bien s\u00fbr, en consultant des documents sur support papier mais aussi de plus en plus souvent num\u00e9rique, sur place ou en ligne.<\/p>\n<p>&nbsp;<\/p>\n<p><strong>Chercher, des informations.<\/strong><\/p>\n<p>Se d\u00e9tendre aussi, pourquoi pas en lisant un magazine.<\/p>\n<p>&nbsp;<\/p>\n<p><strong>Comment ?<br \/>\n<\/strong><\/p>\n<p>Tout simplement en venant. Aucune inscription pr\u00e9alable n\u2019est n\u00e9cessaire, nous disposons d\u00e9j\u00e0 de toutes les informations utiles vous concernant. Chaque \u00e9l\u00e8ve et chaque membre du personnel peut emprunter gratuitement des documents au CDI.<\/p>\n<p>&nbsp;<\/p>\n<p><strong>Emprunter un document ?<br \/>\n<\/strong><\/p>\n<p>Le pr\u00eat est gratuit. Le nombre de pr\u00eats par personne est limit\u00e9 \u00e0 trois, pour une dur\u00e9e de deux semaines. Certains documents sont exclus du pr\u00eat : dictionnaires, encyclop\u00e9dies, magazines.<\/p>\n<p>&nbsp;<\/p>\n<p><strong>Internet ?<\/strong><\/p>\n<p>8 ordinateurs sont connect\u00e9s \u00e0 Internet et disposent de traitements de textes.<\/p>\n<p>&nbsp;<\/p>\n<p><strong>Imprimer ?<\/strong><\/p>\n<p>Les imprimantes ne sont pas install\u00e9es sur les postes. Pour imprimer, enregistrez votre document dans le dossier qui se trouve sur votre bureau puis demandez au documentaliste de lancer l\u2019impression .<\/p>\n<p>&nbsp;<\/p>\n<div style=\"margin: 20px 0;\"><div class=\"qrcswholewtapper\" style=\"text-align:left;\"><div class=\"qrcprowrapper\"  id=\"qrcwraa2leds\"><div class=\"qrc_canvass\" id=\"qrc_cuttenpages_2\" style=\"display:inline-block\" data-text=\"https:\/\/portail.abouvet.ac-reunion.fr\/wordpress\/cdi\/\"><\/div><div><a download=\"CDI.png\" class=\"qrcdownloads\" id=\"worign\">\r\n           <button type=\"button\" style=\"min-width:200px;background:#dddddd;color:#000;font-weight: 600;border: 1px solid #dddddd;border-radius:4px;font-size:12px;padding: 6px 0;\" class=\"uqr_code_btn\">Download QR<\/button>\r\n           <\/a><\/div><\/div><\/div><\/div>","protected":false},"excerpt":{"rendered":"<p>Le Centre de Documentation et d\u2019Informations est un espace d\u2019accueil largement accessible, ouvert en continu pendant xx heures par semaine, cinq jours sur sept. &nbsp; &nbsp; &nbsp; Petit digest du C.D.I.: \u201cle C.D.I. mode d\u2019emploi\u201d Pour quoi faire ? Travailler, bien s\u00fbr, en consultant des documents sur support papier mais aussi de plus en plus &hellip; <a href=\"https:\/\/portail.abouvet.ac-reunion.fr\/wordpress\/cdi\/\" class=\"more-link\">Continuer la lecture de <span class=\"screen-reader-text\">CDI<\/span>  <span class=\"meta-nav\">&rarr;<\/span><\/a><\/p>\n","protected":false},"author":2483,"featured_media":0,"parent":0,"menu_order":0,"comment_status":"closed","ping_status":"open","template":"","meta":{"ngg_post_thumbnail":0,"_links_to":"","_links_to_target":""},"_links":{"self":[{"href":"https:\/\/portail.abouvet.ac-reunion.fr\/wordpress\/wp-json\/wp\/v2\/pages\/96"}],"collection":[{"href":"https:\/\/portail.abouvet.ac-reunion.fr\/wordpress\/wp-json\/wp\/v2\/pages"}],"about":[{"href":"https:\/\/portail.abouvet.ac-reunion.fr\/wordpress\/wp-json\/wp\/v2\/types\/page"}],"author":[{"embeddable":true,"href":"https:\/\/portail.abouvet.ac-reunion.fr\/wordpress\/wp-json\/wp\/v2\/users\/2483"}],"replies":[{"embeddable":true,"href":"https:\/\/portail.abouvet.ac-reunion.fr\/wordpress\/wp-json\/wp\/v2\/comments?post=96"}],"version-history":[{"count":3,"href":"https:\/\/portail.abouvet.ac-reunion.fr\/wordpress\/wp-json\/wp\/v2\/pages\/96\/revisions"}],"predecessor-version":[{"id":439,"href":"https:\/\/portail.abouvet.ac-reunion.fr\/wordpress\/wp-json\/wp\/v2\/pages\/96\/revisions\/439"}],"wp:attachment":[{"href":"https:\/\/portail.abouvet.ac-reunion.fr\/wordpress\/wp-json\/wp\/v2\/media?parent=96"}],"curies":[{"name":"wp","href":"https:\/\/api.w.org\/{rel}","templated":true}]}}